{"id":4069,"date":"2021-05-17T15:12:54","date_gmt":"2021-05-17T13:12:54","guid":{"rendered":"https:\/\/www.djmiki.pl\/sklep\/?post_type=product&#038;p=4069"},"modified":"2024-04-15T11:26:17","modified_gmt":"2024-04-15T09:26:17","slug":"ksiazka-cztery-pory-roku","status":"publish","type":"product","link":"https:\/\/www.djmiki.pl\/sklep\/produkt\/ksiazka-cztery-pory-roku\/","title":{"rendered":"Ksi\u0105\u017cka &#8211; &#8220;CZTERY PORY ROKU&#8221;"},"content":{"rendered":"<p><strong>CZTERY PORY ROKU-\u00a0<\/strong>To zbi\u00f3r wierszy z pi\u0119knymi ilustracjami p\u00f3r roku autorstwa Ewy Widery.<\/p>\n<p>To 60 stron w sztywnej ok\u0142adce o rozmiarze 18 cm na 18 cm.<\/p>\n<p>Ksi\u0105\u017cka przeznaczona dla dzieci w wieku przedszkolnym i wczesnoszkolnym.<\/p>\n<p>W ksi\u0105\u017cce znajdziemy opisy przyrody wiosn\u0105, latem, jesieni\u0105 i zim\u0105 .<\/p>\n<p>1. Pani Wiosna<\/p>\n<p>2.Pani Lato<\/p>\n<p>3.Pani Jesie\u0144<\/p>\n<p>4.Pani Zima<\/p>\n<p>5.Rok<\/p>\n<p>6.Staruszek Czas.<\/p>\n","protected":false},"excerpt":{"rendered":"<p>CZTERY PORY ROKU-\u00a0To zbi\u00f3r wierszy z pi\u0119knymi ilustracjami p\u00f3r roku autorstwa Ewy Widery. To 60 stron w sztywnej ok\u0142adce o rozmiarze 18 cm na 18 cm. Ksi\u0105\u017cka przeznaczona dla dzieci w wieku przedszkolnym i wczesnoszkolnym. W ksi\u0105\u017cce znajdziemy opisy przyrody wiosn\u0105, latem, jesieni\u0105 i zim\u0105 . 1. Pani Wiosna 2.Pani Lato 3.Pani Jesie\u0144 4.Pani Zima &hellip;<\/p>\n<p class=\"read-more\"> <a class=\"\" href=\"https:\/\/www.djmiki.pl\/sklep\/produkt\/ksiazka-cztery-pory-roku\/\"> <span class=\"screen-reader-text\">Ksi\u0105\u017cka &#8211; &#8220;CZTERY PORY ROKU&#8221;<\/span> Read More &raquo;<\/a><\/p>\n","protected":false},"featured_media":4070,"template":"","meta":[],"_links":{"self":[{"href":"https:\/\/www.djmiki.pl\/sklep\/wp-json\/wp\/v2\/product\/4069"}],"collection":[{"href":"https:\/\/www.djmiki.pl\/sklep\/wp-json\/wp\/v2\/product"}],"about":[{"href":"https:\/\/www.djmiki.pl\/sklep\/wp-json\/wp\/v2\/types\/product"}],"wp:featuredmedia":[{"embeddable":true,"href":"https:\/\/www.djmiki.pl\/sklep\/wp-json\/wp\/v2\/media\/4070"}],"wp:attachment":[{"href":"https:\/\/www.djmiki.pl\/sklep\/wp-json\/wp\/v2\/media?parent=4069"}],"curies":[{"name":"wp","href":"https:\/\/api.w.org\/{rel}","templated":true}]}}