{"id":4062,"date":"2021-05-17T15:04:03","date_gmt":"2021-05-17T13:04:03","guid":{"rendered":"https:\/\/www.djmiki.pl\/sklep\/?post_type=product&#038;p=4062"},"modified":"2024-04-15T11:26:18","modified_gmt":"2024-04-15T09:26:18","slug":"ksiazka-swiat-wedlug-maksa","status":"publish","type":"product","link":"https:\/\/www.djmiki.pl\/sklep\/produkt\/ksiazka-swiat-wedlug-maksa\/","title":{"rendered":"Ksi\u0105\u017cka &#8211; &#8220;\u015aWIAT WED\u0141UG MAKSA&#8221;"},"content":{"rendered":"<p><strong>&#8220;\u015awiat wed\u0142ug Maksa&#8221;<\/strong>&#8211; to zbi\u00f3r opowiada\u0144 o przygodach ma\u0142ego bia\u0142ego pieska rasy malta\u0144czyk o imieniu Maks.<\/p>\n<p>To kr\u00f3tkie historie z \u017cycia pieska, kt\u00f3re wydarzy\u0142y si\u0119 naprawd\u0119 i zosta\u0142y tylko ubarwione fantazj\u0105 autorki ksi\u0105\u017cki Ma\u0142gorzaty Kosik.<\/p>\n<p>Maks opowiada dzieciom o swoich przyjacio\u0142ach z osiedla, o przygodach, ucieczkach z domu, wakacjach nad morzem, o wyje\u017adzie w g\u00f3ry&#8230;<\/p>\n<p>Bohaterowie tej ksi\u0105\u017cki istniej\u0105 naprawd\u0119 i mieszkaj\u0105 na osiedlu Buczynek w warszawskiej dzielnicy Tarchomin.W tej ksi\u0105\u017cce zwierz\u0119ta m\u00f3wi\u0105 ludzkim g\u0142osem, rozumiej\u0105 i czuj\u0105 tak jak my ludzie.<\/p>\n<p>Przygody Maksa to ciekawe i zabawne opowie\u015bci, widziane oczami psa. Ksi\u0105\u017cka jest w sztywnej ok\u0142adce o wielko\u015bci 18 cm na 18 cm i ma 78 stron. Rysunki s\u0105 autorstwa Ewy Widery.<\/p>\n<p>Idealna na prezent.<\/p>\n<p>1.Kim jestem?<\/p>\n<p>2.M\u00f3j nowy dom.<\/p>\n<p>3.Moi przyjaciele<\/p>\n<p>4.Wyjazd na dzia\u0142k\u0119<\/p>\n<p>5.Ulubiony parapet<\/p>\n<p>6.Groomerka-psi fryzjer<\/p>\n<p>7.Wycieczka do centrum miasta<\/p>\n<p>8.Wyprawa do ZOO<\/p>\n<p>9.Walentynki<\/p>\n<p>10.Wakacje nad morzem<\/p>\n<p>11.Wyprawa w g\u00f3ry.<\/p>\n","protected":false},"excerpt":{"rendered":"<p>&#8220;\u015awiat wed\u0142ug Maksa&#8221;&#8211; to zbi\u00f3r opowiada\u0144 o przygodach ma\u0142ego bia\u0142ego pieska rasy malta\u0144czyk o imieniu Maks. To kr\u00f3tkie historie z \u017cycia pieska, kt\u00f3re wydarzy\u0142y si\u0119 naprawd\u0119 i zosta\u0142y tylko ubarwione fantazj\u0105 autorki ksi\u0105\u017cki Ma\u0142gorzaty Kosik. Maks opowiada dzieciom o swoich przyjacio\u0142ach z osiedla, o przygodach, ucieczkach z domu, wakacjach nad morzem, o wyje\u017adzie w g\u00f3ry&#8230; &hellip;<\/p>\n<p class=\"read-more\"> <a class=\"\" href=\"https:\/\/www.djmiki.pl\/sklep\/produkt\/ksiazka-swiat-wedlug-maksa\/\"> <span class=\"screen-reader-text\">Ksi\u0105\u017cka &#8211; &#8220;\u015aWIAT WED\u0141UG MAKSA&#8221;<\/span> Read More &raquo;<\/a><\/p>\n","protected":false},"featured_media":4063,"template":"","meta":[],"_links":{"self":[{"href":"https:\/\/www.djmiki.pl\/sklep\/wp-json\/wp\/v2\/product\/4062"}],"collection":[{"href":"https:\/\/www.djmiki.pl\/sklep\/wp-json\/wp\/v2\/product"}],"about":[{"href":"https:\/\/www.djmiki.pl\/sklep\/wp-json\/wp\/v2\/types\/product"}],"wp:featuredmedia":[{"embeddable":true,"href":"https:\/\/www.djmiki.pl\/sklep\/wp-json\/wp\/v2\/media\/4063"}],"wp:attachment":[{"href":"https:\/\/www.djmiki.pl\/sklep\/wp-json\/wp\/v2\/media?parent=4062"}],"curies":[{"name":"wp","href":"https:\/\/api.w.org\/{rel}","templated":true}]}}