{"id":3926,"date":"2020-11-29T00:09:43","date_gmt":"2020-11-28T23:09:43","guid":{"rendered":"https:\/\/www.djmiki.pl\/sklep\/?post_type=product&#038;p=3926"},"modified":"2024-04-15T11:27:41","modified_gmt":"2024-04-15T09:27:41","slug":"plyta-cd-piosenki-zimowe","status":"publish","type":"product","link":"https:\/\/www.djmiki.pl\/sklep\/produkt\/plyta-cd-piosenki-zimowe\/","title":{"rendered":"P\u0142yta CD &#8211; &#8220;PIOSENKI ZIMOWE&#8221;"},"content":{"rendered":"<p><strong>P\u0142yta CD; PIOSENKI ZIMOWE <\/strong>&#8211; to lubiane piosenki o tematyce \u015bwi\u0105tecznej i zimowej.<br \/>\nP\u0142yta zawiera 10 piosenek, to 4 autorskie kompozycje i 6 cover\u00f3w takie jak:<br \/>\nPada \u015bnieg, Magia \u015awi\u0105t, A kto wie ?,Kochany Panie Miko\u0142aju, \u015awi\u0119ta to czas niespodzianek., Zielona panna. Piosenki s\u0105 za\u015bpiewane przez Ma\u0142gorzat\u0119 Kosik.<\/p>\n<p>1.Magia \u015bwi\u0105t<br \/>\n2.Ba\u0142wanek i \u015bwieta<br \/>\n3.A kto wie?<br \/>\n4.Kochany Panie Miko\u0142aju<br \/>\n5.Przysz\u0142a zima<br \/>\n6.Pada snieg<br \/>\n7.Zielona Panna<br \/>\n8.Wyczaruje zime<br \/>\n9.\u015awieta to czas niespodzianek<br \/>\n10.Wyj\u0105tkowy czas<\/p>\n<p><iframe src=\"https:\/\/www.youtube.com\/embed\/TjSfxpfC_8g\" width=\"560\" height=\"315\" frameborder=\"0\" allowfullscreen=\"allowfullscreen\"><\/iframe><\/p>\n","protected":false},"excerpt":{"rendered":"<p>P\u0142yta CD; PIOSENKI ZIMOWE &#8211; to lubiane piosenki o tematyce \u015bwi\u0105tecznej i zimowej. P\u0142yta zawiera 10 piosenek, to 4 autorskie kompozycje i 6 cover\u00f3w takie jak: Pada \u015bnieg, Magia \u015awi\u0105t, A kto wie ?,Kochany Panie Miko\u0142aju, \u015awi\u0119ta to czas niespodzianek., Zielona panna. Piosenki s\u0105 za\u015bpiewane przez Ma\u0142gorzat\u0119 Kosik. 1.Magia \u015bwi\u0105t 2.Ba\u0142wanek i \u015bwieta 3.A kto &hellip;<\/p>\n<p class=\"read-more\"> <a class=\"\" href=\"https:\/\/www.djmiki.pl\/sklep\/produkt\/plyta-cd-piosenki-zimowe\/\"> <span class=\"screen-reader-text\">P\u0142yta CD &#8211; &#8220;PIOSENKI ZIMOWE&#8221;<\/span> Read More &raquo;<\/a><\/p>\n","protected":false},"featured_media":3930,"template":"","meta":[],"_links":{"self":[{"href":"https:\/\/www.djmiki.pl\/sklep\/wp-json\/wp\/v2\/product\/3926"}],"collection":[{"href":"https:\/\/www.djmiki.pl\/sklep\/wp-json\/wp\/v2\/product"}],"about":[{"href":"https:\/\/www.djmiki.pl\/sklep\/wp-json\/wp\/v2\/types\/product"}],"wp:featuredmedia":[{"embeddable":true,"href":"https:\/\/www.djmiki.pl\/sklep\/wp-json\/wp\/v2\/media\/3930"}],"wp:attachment":[{"href":"https:\/\/www.djmiki.pl\/sklep\/wp-json\/wp\/v2\/media?parent=3926"}],"curies":[{"name":"wp","href":"https:\/\/api.w.org\/{rel}","templated":true}]}}