{"id":3923,"date":"2020-11-29T00:07:46","date_gmt":"2020-11-28T23:07:46","guid":{"rendered":"https:\/\/www.djmiki.pl\/sklep\/?post_type=product&#038;p=3923"},"modified":"2024-04-15T11:27:41","modified_gmt":"2024-04-15T09:27:41","slug":"plyta-cd-dj-miki-disco","status":"publish","type":"product","link":"https:\/\/www.djmiki.pl\/sklep\/produkt\/plyta-cd-dj-miki-disco\/","title":{"rendered":"P\u0142yta CD &#8211; &#8220;DJ MIKI DISCO&#8221;"},"content":{"rendered":"<p><strong>P\u0142yta CD-DJ MIKI DISCO<\/strong><br \/>\nTo p\u0142yta z najwi\u0119kszymi hitami rozta\u0144czonej i roz\u015bpiewanej ma\u0142ki Dj Miki<br \/>\nTo 17 piosenek na urodzinow\u0105 imprez\u0119 , czy bal karnawa\u0142owy w przedszkolu. . Piosenki w rytmie disco dla ka\u017cdego dziecka w wieku przedszkolnym.<br \/>\nNa p\u0142ycie s\u0105 m.in. takie hity jak :Zuzanna \u017cyrafa, R\u0119ce do g\u00f3ry, Bum Bum, Kangur,Pola Papuga, Cyrk.<\/p>\n<p>1.Ajajaj<br \/>\n2.Lizaczek<br \/>\n3.Lemur<br \/>\n4.Kangur<br \/>\n5.Mr\u00f3wka<br \/>\n6.Zuzanna \u017byrafa<br \/>\n7.S\u0142onik Balonik<br \/>\n8.Cyrk<br \/>\n9.Pola Papuga<br \/>\n10.Foka<br \/>\n11.Lisek<br \/>\n12.Dubi Dubi<br \/>\n13.Bum Bum<br \/>\n14.Motyle<br \/>\n15.Urodziny<br \/>\n16.Rece do g\u00f3ry<br \/>\n17.Tany Tany.<\/p>\n","protected":false},"excerpt":{"rendered":"<p>P\u0142yta CD-DJ MIKI DISCO To p\u0142yta z najwi\u0119kszymi hitami rozta\u0144czonej i roz\u015bpiewanej ma\u0142ki Dj Miki To 17 piosenek na urodzinow\u0105 imprez\u0119 , czy bal karnawa\u0142owy w przedszkolu. . Piosenki w rytmie disco dla ka\u017cdego dziecka w wieku przedszkolnym. Na p\u0142ycie s\u0105 m.in. takie hity jak :Zuzanna \u017cyrafa, R\u0119ce do g\u00f3ry, Bum Bum, Kangur,Pola Papuga, Cyrk. &hellip;<\/p>\n<p class=\"read-more\"> <a class=\"\" href=\"https:\/\/www.djmiki.pl\/sklep\/produkt\/plyta-cd-dj-miki-disco\/\"> <span class=\"screen-reader-text\">P\u0142yta CD &#8211; &#8220;DJ MIKI DISCO&#8221;<\/span> Read More &raquo;<\/a><\/p>\n","protected":false},"featured_media":3939,"template":"","meta":[],"_links":{"self":[{"href":"https:\/\/www.djmiki.pl\/sklep\/wp-json\/wp\/v2\/product\/3923"}],"collection":[{"href":"https:\/\/www.djmiki.pl\/sklep\/wp-json\/wp\/v2\/product"}],"about":[{"href":"https:\/\/www.djmiki.pl\/sklep\/wp-json\/wp\/v2\/types\/product"}],"wp:featuredmedia":[{"embeddable":true,"href":"https:\/\/www.djmiki.pl\/sklep\/wp-json\/wp\/v2\/media\/3939"}],"wp:attachment":[{"href":"https:\/\/www.djmiki.pl\/sklep\/wp-json\/wp\/v2\/media?parent=3923"}],"curies":[{"name":"wp","href":"https:\/\/api.w.org\/{rel}","templated":true}]}}