{"id":3921,"date":"2020-11-29T00:05:25","date_gmt":"2020-11-28T23:05:25","guid":{"rendered":"https:\/\/www.djmiki.pl\/sklep\/?post_type=product&#038;p=3921"},"modified":"2024-04-15T11:26:18","modified_gmt":"2024-04-15T09:26:18","slug":"ksiazka-bibisie-ucz-sie-razem-z-nami-angielski","status":"publish","type":"product","link":"https:\/\/www.djmiki.pl\/sklep\/produkt\/ksiazka-bibisie-ucz-sie-razem-z-nami-angielski\/","title":{"rendered":"Ksi\u0105\u017cka &#8211; BIBISIE-UCZ SI\u0118 RAZEM Z NAMI-ANGIELSKI"},"content":{"rendered":"<p><strong>Ksi\u0105\u017cka &#8211; BIBISIE-UCZ SI\u0118 RAZEM Z NAMI-ANGIELSKI <\/strong>-Edukacyjna zabawa i nauka j\u0119zyka angielskiego dla najm\u0142odszych. Dzieci poznaj\u0105 wraz z Bibisiami nazwy kolor\u00f3w, liczb, owoc\u00f3w, warzyw, zwierz\u0119t domowych i dzikich oraz nazewnictwo zabawek , slodyczy, nazwy cz\u0142onk\u00f3w rodziny. Na koniec mog\u0105 rozwi\u0105za\u0107 Quiz i sprawdzi\u0107 co zapamieta\u0142y i czego si\u0119 nauczy\u0142y. Ksi\u0105\u017cka zawiera du\u017co \u0142adnych ilustracji zachowanych w zimowej kolorystyce.<\/p>\n<ul>\n<li>Kolory<\/li>\n<li>Liczby<\/li>\n<li>zwierz\u0119ta domowe<\/li>\n<li>zwierz\u0119ta dzikie<\/li>\n<li>Owoce<\/li>\n<li>Warzywa<\/li>\n<li>Jedzenie i s\u0142odko\u015bci<\/li>\n<li>zabawki<\/li>\n<li>rodzina<\/li>\n<li>Quiz<\/li>\n<\/ul>\n<p><strong>Wymiary:<\/strong> 18cm na 18 cm,<\/p>\n<p><strong>Oprawa:<\/strong> twarda<\/p>\n<p><strong> Ilo\u015b\u0107 stron:<\/strong> 60<\/p>\n<div style=\"width: 1920px;\" class=\"wp-video\"><!--[if lt IE 9]><script>document.createElement('video');<\/script><![endif]-->\n<video class=\"wp-video-shortcode\" id=\"video-3921-1\" width=\"1920\" height=\"1080\" preload=\"metadata\" controls=\"controls\"><source type=\"video\/mp4\" src=\"https:\/\/www.djmiki.pl\/sklep\/wp-content\/uploads\/2020\/12\/Promos-Bibisie-Angielski.mp4?_=1\" \/><a href=\"https:\/\/www.djmiki.pl\/sklep\/wp-content\/uploads\/2020\/12\/Promos-Bibisie-Angielski.mp4\">https:\/\/www.djmiki.pl\/sklep\/wp-content\/uploads\/2020\/12\/Promos-Bibisie-Angielski.mp4<\/a><\/video><\/div>\n","protected":false},"excerpt":{"rendered":"<p>Ksi\u0105\u017cka &#8211; BIBISIE-UCZ SI\u0118 RAZEM Z NAMI-ANGIELSKI -Edukacyjna zabawa i nauka j\u0119zyka angielskiego dla najm\u0142odszych. Dzieci poznaj\u0105 wraz z Bibisiami nazwy kolor\u00f3w, liczb, owoc\u00f3w, warzyw, zwierz\u0119t domowych i dzikich oraz nazewnictwo zabawek , slodyczy, nazwy cz\u0142onk\u00f3w rodziny. Na koniec mog\u0105 rozwi\u0105za\u0107 Quiz i sprawdzi\u0107 co zapamieta\u0142y i czego si\u0119 nauczy\u0142y. Ksi\u0105\u017cka zawiera du\u017co \u0142adnych ilustracji &hellip;<\/p>\n<p class=\"read-more\"> <a class=\"\" href=\"https:\/\/www.djmiki.pl\/sklep\/produkt\/ksiazka-bibisie-ucz-sie-razem-z-nami-angielski\/\"> <span class=\"screen-reader-text\">Ksi\u0105\u017cka &#8211; BIBISIE-UCZ SI\u0118 RAZEM Z NAMI-ANGIELSKI<\/span> Read More &raquo;<\/a><\/p>\n","protected":false},"featured_media":3943,"template":"","meta":[],"_links":{"self":[{"href":"https:\/\/www.djmiki.pl\/sklep\/wp-json\/wp\/v2\/product\/3921"}],"collection":[{"href":"https:\/\/www.djmiki.pl\/sklep\/wp-json\/wp\/v2\/product"}],"about":[{"href":"https:\/\/www.djmiki.pl\/sklep\/wp-json\/wp\/v2\/types\/product"}],"wp:featuredmedia":[{"embeddable":true,"href":"https:\/\/www.djmiki.pl\/sklep\/wp-json\/wp\/v2\/media\/3943"}],"wp:attachment":[{"href":"https:\/\/www.djmiki.pl\/sklep\/wp-json\/wp\/v2\/media?parent=3921"}],"curies":[{"name":"wp","href":"https:\/\/api.w.org\/{rel}","templated":true}]}}