{"id":3919,"date":"2020-11-29T00:02:14","date_gmt":"2020-11-28T23:02:14","guid":{"rendered":"https:\/\/www.djmiki.pl\/sklep\/?post_type=product&#038;p=3919"},"modified":"2024-04-15T11:26:19","modified_gmt":"2024-04-15T09:26:19","slug":"ksiazka-opowiesci-zimowe","status":"publish","type":"product","link":"https:\/\/www.djmiki.pl\/sklep\/produkt\/ksiazka-opowiesci-zimowe\/","title":{"rendered":"Ksi\u0105\u017cka &#8220;OPOWIE\u015aCI ZIMOWE&#8221;"},"content":{"rendered":"<p><strong>Ksi\u0105\u017cka &#8211; OPOWIE\u015aCI ZIMOWE<\/strong> &#8211; to bogato ilustrowane bajki dla dzieci na ch\u0142odne d\u0142ugie wieczory. Ucz\u0105, bawi\u0105, rozwijaj\u0105 wyobra\u017ani\u0119 . Wprowadzaj\u0105 dziecko w \u015bwiat bajkowych bohater\u00f3w. Autorem bajek jest Ma\u0142gorzata Kosik, dziennikarka, aktorka, autorka piosenek i bajek dla dzieci.<\/p>\n<ul>\n<li>Kraina \u015bw. Miko\u0142aja<\/li>\n<li>Miko\u0142aju, gdzie jeste\u015b?<\/li>\n<li>Opowie\u015bci Renifera.<\/li>\n<\/ul>\n<p><strong>Rozmiar:<\/strong> 18cm na 18 cm<\/p>\n<p><strong>Ok\u0142adka:<\/strong> twarda<\/p>\n<p><strong>Ilo\u015b\u0107 stron: <\/strong>60<\/p>\n<div style=\"width: 1920px;\" class=\"wp-video\"><!--[if lt IE 9]><script>document.createElement('video');<\/script><![endif]-->\n<video class=\"wp-video-shortcode\" id=\"video-3919-1\" width=\"1920\" height=\"960\" preload=\"metadata\" controls=\"controls\"><source type=\"video\/mp4\" src=\"https:\/\/www.djmiki.pl\/sklep\/wp-content\/uploads\/2020\/12\/Promos-OpowiesciZimowe.mp4?_=1\" \/><a href=\"https:\/\/www.djmiki.pl\/sklep\/wp-content\/uploads\/2020\/12\/Promos-OpowiesciZimowe.mp4\">https:\/\/www.djmiki.pl\/sklep\/wp-content\/uploads\/2020\/12\/Promos-OpowiesciZimowe.mp4<\/a><\/video><\/div>\n","protected":false},"excerpt":{"rendered":"<p>Ksi\u0105\u017cka &#8211; OPOWIE\u015aCI ZIMOWE &#8211; to bogato ilustrowane bajki dla dzieci na ch\u0142odne d\u0142ugie wieczory. Ucz\u0105, bawi\u0105, rozwijaj\u0105 wyobra\u017ani\u0119 . Wprowadzaj\u0105 dziecko w \u015bwiat bajkowych bohater\u00f3w. Autorem bajek jest Ma\u0142gorzata Kosik, dziennikarka, aktorka, autorka piosenek i bajek dla dzieci. Kraina \u015bw. Miko\u0142aja Miko\u0142aju, gdzie jeste\u015b? Opowie\u015bci Renifera. Rozmiar: 18cm na 18 cm Ok\u0142adka: twarda Ilo\u015b\u0107 &hellip;<\/p>\n<p class=\"read-more\"> <a class=\"\" href=\"https:\/\/www.djmiki.pl\/sklep\/produkt\/ksiazka-opowiesci-zimowe\/\"> <span class=\"screen-reader-text\">Ksi\u0105\u017cka &#8220;OPOWIE\u015aCI ZIMOWE&#8221;<\/span> Read More &raquo;<\/a><\/p>\n","protected":false},"featured_media":3955,"template":"","meta":[],"_links":{"self":[{"href":"https:\/\/www.djmiki.pl\/sklep\/wp-json\/wp\/v2\/product\/3919"}],"collection":[{"href":"https:\/\/www.djmiki.pl\/sklep\/wp-json\/wp\/v2\/product"}],"about":[{"href":"https:\/\/www.djmiki.pl\/sklep\/wp-json\/wp\/v2\/types\/product"}],"wp:featuredmedia":[{"embeddable":true,"href":"https:\/\/www.djmiki.pl\/sklep\/wp-json\/wp\/v2\/media\/3955"}],"wp:attachment":[{"href":"https:\/\/www.djmiki.pl\/sklep\/wp-json\/wp\/v2\/media?parent=3919"}],"curies":[{"name":"wp","href":"https:\/\/api.w.org\/{rel}","templated":true}]}}